{"id":66799,"date":"2024-02-02T00:12:10","date_gmt":"2024-02-02T00:12:10","guid":{"rendered":"https:\/\/marliermaroc.com\/site\/?page_id=66799"},"modified":"2024-02-02T00:25:28","modified_gmt":"2024-02-02T00:25:28","slug":"secteurs-2","status":"publish","type":"page","link":"https:\/\/marliermaroc.com\/site\/secteurs-2\/","title":{"rendered":"secteurs"},"content":{"rendered":"\t\t<div data-elementor-type=\"wp-page\" data-elementor-id=\"66799\" class=\"elementor elementor-66799\">\n\t\t\t\t<div class=\"elementor-element elementor-element-474d8a1 e-flex e-con-boxed e-con e-parent\" data-id=\"474d8a1\" data-element_type=\"container\" data-e-type=\"container\">\n\t\t\t\t\t<div class=\"e-con-inner\">\n\t\t\t\t<div class=\"elementor-element elementor-element-7912437 elementor-widget elementor-widget-spacer\" data-id=\"7912437\" data-element_type=\"widget\" data-e-type=\"widget\" data-widget_type=\"spacer.default\">\n\t\t\t\t<div class=\"elementor-widget-container\">\n\t\t\t\t\t\t\t<div class=\"elementor-spacer\">\n\t\t\t<div class=\"elementor-spacer-inner\"><\/div>\n\t\t<\/div>\n\t\t\t\t\t\t<\/div>\n\t\t\t\t<\/div>\n\t\t\t\t\t<\/div>\n\t\t\t\t<\/div>\n\t\t<div class=\"elementor-element elementor-element-fddec43 e-con-full e-flex e-con e-parent\" data-id=\"fddec43\" data-element_type=\"container\" data-e-type=\"container\">\n\t\t\t\t<div class=\"elementor-element elementor-element-a598c96 elementor-widget__width-inherit elementor-widget elementor-widget-heading\" data-id=\"a598c96\" data-element_type=\"widget\" data-e-type=\"widget\" data-widget_type=\"heading.default\">\n\t\t\t\t<div class=\"elementor-widget-container\">\n\t\t\t\t\t<h3 class=\"elementor-heading-title elementor-size-default\"><b>DIFF\u00c9RENTS DOMAINES D'EXPERTISE <\/b><\/h3>\t\t\t\t<\/div>\n\t\t\t\t<\/div>\n\t\t\t\t<div class=\"elementor-element elementor-element-f1bf7a6 elementor-widget elementor-widget-text-editor\" data-id=\"f1bf7a6\" data-element_type=\"widget\" data-e-type=\"widget\" data-widget_type=\"text-editor.default\">\n\t\t\t\t<div class=\"elementor-widget-container\">\n\t\t\t\t\t\t\t\t\t<p style=\"text-align: center;\">D\u00e9couvrez l&#8217;impact positif du Contr\u00f4le Non Destructif (CND) dans une multitude de secteurs d&#8217;activit\u00e9<br \/>gr\u00e2ce \u00e0 notre expertise sp\u00e9cialis\u00e9e :<\/p>\t\t\t\t\t\t\t\t<\/div>\n\t\t\t\t<\/div>\n\t\t\t\t<\/div>\n\t\t<div class=\"elementor-element elementor-element-05393ce e-flex e-con-boxed e-con e-parent\" data-id=\"05393ce\" data-element_type=\"container\" data-e-type=\"container\">\n\t\t\t\t\t<div class=\"e-con-inner\">\n\t\t\t\t<div class=\"elementor-element elementor-element-0b5bbe9 elementor-widget elementor-widget-fionca_feature\" data-id=\"0b5bbe9\" data-element_type=\"widget\" data-e-type=\"widget\" data-widget_type=\"fionca_feature.default\">\n\t\t\t\t<div class=\"elementor-widget-container\">\n\t\t\t\t\t\t\t\t\t\t<section class=\"feature-style-two \">\r\n\t\t\t\t<div class=\"auto-container\">\r\n\t\t\t\t\t<div class=\"row clearfix\">\r\n\t\t\t\t\t\t\t\t\t\t\t\t\t<div class=\"col-lg-3 col-md-6 col-sm-12 feature-block\">\r\n\t\t\t\t\t\t\t\t<div class=\"feature-block-two wow bounce animated animated animated\" data-wow-delay=\"0ms\" data-wow-duration=\"1500ms\">\r\n\t\t\t\t\t\t\t\t\t<div class=\"inner-box\">\r\n\t\t\t\t\t\t\t\t\t\t<figure class=\"image-box\"><img decoding=\"async\" src=\"https:\/\/marliermaroc.com\/site\/wp-content\/uploads\/2024\/01\/5510.jpg\" title=\"5510\" alt=\"5510\" loading=\"lazy\" \/><\/figure>\r\n\t\t\t\t\t\t\t\t\t\t<div class=\"overlay-box\">\r\n\t\t\t\t\t\t\t\t\t\t\t<p>A\u00e9ronautique<\/p>\r\n\t\t\t\t\t\t\t\t\t\t<\/div>\r\n\t\t\t\t\t\t\t\t\t\t<div class=\"lower-content\">\r\n\t\t\t\t\t\t\t\t\t\t\t<div class=\"inner\">\r\n\t\t\t\t\t\t\t\t\t\t\t\t<h3 class=\"heading\"><a href=\"https:\/\/marliermaroc.com\/site\/aeronautique\/\"   rel=\"nofollow\">A\u00e9ronautique<\/a>\r\n\t\t\t\t\t\t\t\t\t\t\t\t<\/h3>\r\n\t\t\t\t\t\t\t\t\t\t\t<\/div>\r\n\t\t\t\t\t\t\t\t\t\t<\/div>\r\n\t\t\t\t\t\t\t\t\t<\/div>\r\n\t\t\t\t\t\t\t\t<\/div>\r\n\t\t\t\t\t\t\t<\/div>\r\n\t\t\t\t\t\t\t\t\t\t\t\t\t<div class=\"col-lg-3 col-md-6 col-sm-12 feature-block\">\r\n\t\t\t\t\t\t\t\t<div class=\"feature-block-two wow bounce animated animated animated\" data-wow-delay=\"0ms\" data-wow-duration=\"1500ms\">\r\n\t\t\t\t\t\t\t\t\t<div class=\"inner-box\">\r\n\t\t\t\t\t\t\t\t\t\t<figure class=\"image-box\"><img decoding=\"async\" src=\"https:\/\/marliermaroc.com\/site\/wp-content\/uploads\/2024\/01\/auto1j23.png\" title=\"auto1j23\" alt=\"auto1j23\" loading=\"lazy\" \/><\/figure>\r\n\t\t\t\t\t\t\t\t\t\t<div class=\"overlay-box\">\r\n\t\t\t\t\t\t\t\t\t\t\t<p>Automobile<\/p>\r\n\t\t\t\t\t\t\t\t\t\t<\/div>\r\n\t\t\t\t\t\t\t\t\t\t<div class=\"lower-content\">\r\n\t\t\t\t\t\t\t\t\t\t\t<div class=\"inner\">\r\n\t\t\t\t\t\t\t\t\t\t\t\t<h3 class=\"heading\"><a href=\"https:\/\/marliermaroc.com\/site\/industrie-automobile\/\"  >Automobile<\/a>\r\n\t\t\t\t\t\t\t\t\t\t\t\t<\/h3>\r\n\t\t\t\t\t\t\t\t\t\t\t<\/div>\r\n\t\t\t\t\t\t\t\t\t\t<\/div>\r\n\t\t\t\t\t\t\t\t\t<\/div>\r\n\t\t\t\t\t\t\t\t<\/div>\r\n\t\t\t\t\t\t\t<\/div>\r\n\t\t\t\t\t\t\t\t\t\t\t\t\t<div class=\"col-lg-3 col-md-6 col-sm-12 feature-block\">\r\n\t\t\t\t\t\t\t\t<div class=\"feature-block-two wow bounce animated animated animated\" data-wow-delay=\"0ms\" data-wow-duration=\"1500ms\">\r\n\t\t\t\t\t\t\t\t\t<div class=\"inner-box\">\r\n\t\t\t\t\t\t\t\t\t\t<figure class=\"image-box\"><img decoding=\"async\" src=\"https:\/\/marliermaroc.com\/site\/wp-content\/uploads\/2024\/01\/Screenshot_1-2.jpg\" title=\"Screenshot_1\" alt=\"Screenshot_1\" loading=\"lazy\" \/><\/figure>\r\n\t\t\t\t\t\t\t\t\t\t<div class=\"overlay-box\">\r\n\t\t\t\t\t\t\t\t\t\t\t<p>Ferroviaire<\/p>\r\n\t\t\t\t\t\t\t\t\t\t<\/div>\r\n\t\t\t\t\t\t\t\t\t\t<div class=\"lower-content\">\r\n\t\t\t\t\t\t\t\t\t\t\t<div class=\"inner\">\r\n\t\t\t\t\t\t\t\t\t\t\t\t<h3 class=\"heading\"><a href=\"https:\/\/marliermaroc.com\/site\/ferroviaire\/\"  >Ferroviaire<\/a>\r\n\t\t\t\t\t\t\t\t\t\t\t\t<\/h3>\r\n\t\t\t\t\t\t\t\t\t\t\t<\/div>\r\n\t\t\t\t\t\t\t\t\t\t<\/div>\r\n\t\t\t\t\t\t\t\t\t<\/div>\r\n\t\t\t\t\t\t\t\t<\/div>\r\n\t\t\t\t\t\t\t<\/div>\r\n\t\t\t\t\t\t\t\t\t\t\t\t\t<div class=\"col-lg-3 col-md-6 col-sm-12 feature-block\">\r\n\t\t\t\t\t\t\t\t<div class=\"feature-block-two wow bounce animated animated animated\" data-wow-delay=\"0ms\" data-wow-duration=\"1500ms\">\r\n\t\t\t\t\t\t\t\t\t<div class=\"inner-box\">\r\n\t\t\t\t\t\t\t\t\t\t<figure class=\"image-box\"><img decoding=\"async\" src=\"https:\/\/marliermaroc.com\/site\/wp-content\/uploads\/2024\/01\/mt11.jpg\" title=\"mt11\" alt=\"mt11\" loading=\"lazy\" \/><\/figure>\r\n\t\t\t\t\t\t\t\t\t\t<div class=\"overlay-box\">\r\n\t\t\t\t\t\t\t\t\t\t\t<p>Industrie<\/p>\r\n\t\t\t\t\t\t\t\t\t\t<\/div>\r\n\t\t\t\t\t\t\t\t\t\t<div class=\"lower-content\">\r\n\t\t\t\t\t\t\t\t\t\t\t<div class=\"inner\">\r\n\t\t\t\t\t\t\t\t\t\t\t\t<h3 class=\"heading\"><a href=\"https:\/\/marliermaroc.com\/site\/secteur-industriel\"  >Industrie<\/a>\r\n\t\t\t\t\t\t\t\t\t\t\t\t<\/h3>\r\n\t\t\t\t\t\t\t\t\t\t\t<\/div>\r\n\t\t\t\t\t\t\t\t\t\t<\/div>\r\n\t\t\t\t\t\t\t\t\t<\/div>\r\n\t\t\t\t\t\t\t\t<\/div>\r\n\t\t\t\t\t\t\t<\/div>\r\n\t\t\t\t\t\t\t\t\t\t\t<\/div>\r\n\t\t\t\t<\/div>\r\n\t\t\t<\/section>\r\n\t\t\t\t\t\t\t\t<\/div>\n\t\t\t\t<\/div>\n\t\t\t\t\t<\/div>\n\t\t\t\t<\/div>\n\t\t\t\t<\/div>\n\t\t","protected":false},"excerpt":{"rendered":"<p>DIFF\u00c9RENTS DOMAINES D&#8217;EXPERTISE D\u00e9couvrez l&#8217;impact positif du Contr\u00f4le Non Destructif (CND) dans une multitude de secteurs d&#8217;activit\u00e9gr\u00e2ce \u00e0 notre expertise <span>&#8230;<\/span><\/p>\n","protected":false},"author":2,"featured_media":0,"parent":0,"menu_order":0,"comment_status":"closed","ping_status":"closed","template":"elementor_header_footer","meta":{"footnotes":""},"class_list":["post-66799","page","type-page","status-publish","hentry"],"_links":{"self":[{"href":"https:\/\/marliermaroc.com\/site\/wp-json\/wp\/v2\/pages\/66799","targetHints":{"allow":["GET"]}}],"collection":[{"href":"https:\/\/marliermaroc.com\/site\/wp-json\/wp\/v2\/pages"}],"about":[{"href":"https:\/\/marliermaroc.com\/site\/wp-json\/wp\/v2\/types\/page"}],"author":[{"embeddable":true,"href":"https:\/\/marliermaroc.com\/site\/wp-json\/wp\/v2\/users\/2"}],"replies":[{"embeddable":true,"href":"https:\/\/marliermaroc.com\/site\/wp-json\/wp\/v2\/comments?post=66799"}],"version-history":[{"count":15,"href":"https:\/\/marliermaroc.com\/site\/wp-json\/wp\/v2\/pages\/66799\/revisions"}],"predecessor-version":[{"id":66819,"href":"https:\/\/marliermaroc.com\/site\/wp-json\/wp\/v2\/pages\/66799\/revisions\/66819"}],"wp:attachment":[{"href":"https:\/\/marliermaroc.com\/site\/wp-json\/wp\/v2\/media?parent=66799"}],"curies":[{"name":"wp","href":"https:\/\/api.w.org\/{rel}","templated":true}]}}