{"id":662,"date":"2020-06-25T11:55:39","date_gmt":"2020-06-25T11:55:39","guid":{"rendered":"https:\/\/marliermaroc.com\/site?page_id=662"},"modified":"2024-02-12T18:03:55","modified_gmt":"2024-02-12T18:03:55","slug":"recrutement-2","status":"publish","type":"page","link":"https:\/\/marliermaroc.com\/site\/recrutement-2\/","title":{"rendered":"Recrutement"},"content":{"rendered":"\t\t<div data-elementor-type=\"wp-page\" data-elementor-id=\"662\" class=\"elementor elementor-662\">\n\t\t\t\t<div class=\"elementor-element elementor-element-26eeb15 e-con-full e-flex e-con e-parent\" data-id=\"26eeb15\" data-element_type=\"container\" data-e-type=\"container\">\n\t\t\t\t<div class=\"elementor-element elementor-element-e0e20ba elementor-widget elementor-widget-heading\" data-id=\"e0e20ba\" data-element_type=\"widget\" data-e-type=\"widget\" data-widget_type=\"heading.default\">\n\t\t\t\t<div class=\"elementor-widget-container\">\n\t\t\t\t\t<h4 class=\"elementor-heading-title elementor-size-default\">Offre d'emploi<\/h4>\t\t\t\t<\/div>\n\t\t\t\t<\/div>\n\t\t\t\t<div class=\"elementor-element elementor-element-b368b99 elementor-widget-divider--view-line elementor-widget elementor-widget-divider\" data-id=\"b368b99\" data-element_type=\"widget\" data-e-type=\"widget\" data-widget_type=\"divider.default\">\n\t\t\t\t<div class=\"elementor-widget-container\">\n\t\t\t\t\t\t\t<div class=\"elementor-divider\">\n\t\t\t<span class=\"elementor-divider-separator\">\n\t\t\t\t\t\t<\/span>\n\t\t<\/div>\n\t\t\t\t\t\t<\/div>\n\t\t\t\t<\/div>\n\t\t\t\t<div class=\"elementor-element elementor-element-74f6038 elementor-widget elementor-widget-spacer\" data-id=\"74f6038\" data-element_type=\"widget\" data-e-type=\"widget\" data-widget_type=\"spacer.default\">\n\t\t\t\t<div class=\"elementor-widget-container\">\n\t\t\t\t\t\t\t<div class=\"elementor-spacer\">\n\t\t\t<div class=\"elementor-spacer-inner\"><\/div>\n\t\t<\/div>\n\t\t\t\t\t\t<\/div>\n\t\t\t\t<\/div>\n\t\t\t\t<\/div>\n\t\t<div class=\"elementor-element elementor-element-777bf3c e-con-full e-flex e-con e-parent\" data-id=\"777bf3c\" data-element_type=\"container\" data-e-type=\"container\">\n\t\t\t\t<div class=\"elementor-element elementor-element-95ee147 elementor-widget elementor-widget-text-editor\" data-id=\"95ee147\" data-element_type=\"widget\" data-e-type=\"widget\" data-widget_type=\"text-editor.default\">\n\t\t\t\t<div class=\"elementor-widget-container\">\n\t\t\t\t\t\t\t\t\t<p style=\"text-align: center;\"><span style=\"color: #003366;\"><strong><span style=\"font-family: 'arial black', 'avant garde';\">MARLIER MAROC recrute ! D\u00e9posez votre candidature en ligne.<\/span><\/strong><\/span><br \/>Vous souhaitez rejoindre MARLIER MAROC , consultez nos offres d\u2019emploi :<br \/>Nous recrutons principalement des techniciens CND. Si vous poss\u00e9dez de l\u2019exp\u00e9rience dans le domaine du Contr\u00f4le Non Destructif et qu\u2019aucune offre d\u2019emploi ne vous convient, envoyez-nous votre candidature spontan\u00e9e.<\/p>\t\t\t\t\t\t\t\t<\/div>\n\t\t\t\t<\/div>\n\t\t\t\t<\/div>\n\t\t<div class=\"elementor-element elementor-element-81d05f9 e-con-full e-flex e-con e-parent\" data-id=\"81d05f9\" data-element_type=\"container\" data-e-type=\"container\">\n\t\t\t\t<div class=\"elementor-element elementor-element-79e1a7a elementor-widget-divider--view-line elementor-widget elementor-widget-divider\" data-id=\"79e1a7a\" data-element_type=\"widget\" data-e-type=\"widget\" data-widget_type=\"divider.default\">\n\t\t\t\t<div class=\"elementor-widget-container\">\n\t\t\t\t\t\t\t<div class=\"elementor-divider\">\n\t\t\t<span class=\"elementor-divider-separator\">\n\t\t\t\t\t\t<\/span>\n\t\t<\/div>\n\t\t\t\t\t\t<\/div>\n\t\t\t\t<\/div>\n\t\t\t\t<div class=\"elementor-element elementor-element-f2fccd6 elementor-widget elementor-widget-spacer\" data-id=\"f2fccd6\" data-element_type=\"widget\" data-e-type=\"widget\" data-widget_type=\"spacer.default\">\n\t\t\t\t<div class=\"elementor-widget-container\">\n\t\t\t\t\t\t\t<div class=\"elementor-spacer\">\n\t\t\t<div class=\"elementor-spacer-inner\"><\/div>\n\t\t<\/div>\n\t\t\t\t\t\t<\/div>\n\t\t\t\t<\/div>\n\t\t\t\t<div class=\"elementor-element elementor-element-1f191f4 elementor-widget elementor-widget-heading\" data-id=\"1f191f4\" data-element_type=\"widget\" data-e-type=\"widget\" data-widget_type=\"heading.default\">\n\t\t\t\t<div class=\"elementor-widget-container\">\n\t\t\t\t\t<h4 class=\"elementor-heading-title elementor-size-default\">Candidature spontan\u00e9e<\/h4>\t\t\t\t<\/div>\n\t\t\t\t<\/div>\n\t\t\t\t<div class=\"elementor-element elementor-element-f7970d0 elementor-widget-divider--view-line elementor-widget elementor-widget-divider\" data-id=\"f7970d0\" data-element_type=\"widget\" data-e-type=\"widget\" data-widget_type=\"divider.default\">\n\t\t\t\t<div class=\"elementor-widget-container\">\n\t\t\t\t\t\t\t<div class=\"elementor-divider\">\n\t\t\t<span class=\"elementor-divider-separator\">\n\t\t\t\t\t\t<\/span>\n\t\t<\/div>\n\t\t\t\t\t\t<\/div>\n\t\t\t\t<\/div>\n\t\t\t\t<div class=\"elementor-element elementor-element-7c61cb2 elementor-widget elementor-widget-heading\" data-id=\"7c61cb2\" data-element_type=\"widget\" data-e-type=\"widget\" data-widget_type=\"heading.default\">\n\t\t\t\t<div class=\"elementor-widget-container\">\n\t\t\t\t\t<h5 class=\"elementor-heading-title elementor-size-default\">D\u00e9posez votre candidature en ligne<\/h5>\t\t\t\t<\/div>\n\t\t\t\t<\/div>\n\t\t\t\t<\/div>\n\t\t<div class=\"elementor-element elementor-element-2e576e2 e-con-full e-flex e-con e-parent\" data-id=\"2e576e2\" data-element_type=\"container\" data-e-type=\"container\">\n\t\t\t\t<div class=\"elementor-element elementor-element-ef5307d elementor-widget elementor-widget-text-editor\" data-id=\"ef5307d\" data-element_type=\"widget\" data-e-type=\"widget\" data-widget_type=\"text-editor.default\">\n\t\t\t\t<div class=\"elementor-widget-container\">\n\t\t\t\t\t\t\t\t\t<p style=\"text-align: center;\">Nous recrutons principalement <span style=\"color: #333399; font-size: 17px;\"><strong>des techniciens CND<\/strong><\/span>. Si vous poss\u00e9dez de l\u2019exp\u00e9rience\u00a0<span style=\"font-weight: var( --e-global-typography-text-font-weight );\">dans le domaine du Contr\u00f4le Non Destructif, n&#8217;h\u00e9sitez pas \u00e0 nous soumettre votre candidature via le formulaire ci-dessus.<\/span><\/p>\t\t\t\t\t\t\t\t<\/div>\n\t\t\t\t<\/div>\n\t\t\t\t<div class=\"elementor-element elementor-element-65e08e9 elementor-widget elementor-widget-spacer\" data-id=\"65e08e9\" data-element_type=\"widget\" data-e-type=\"widget\" data-widget_type=\"spacer.default\">\n\t\t\t\t<div class=\"elementor-widget-container\">\n\t\t\t\t\t\t\t<div class=\"elementor-spacer\">\n\t\t\t<div class=\"elementor-spacer-inner\"><\/div>\n\t\t<\/div>\n\t\t\t\t\t\t<\/div>\n\t\t\t\t<\/div>\n\t\t\t\t<\/div>\n\t\t<div class=\"elementor-element elementor-element-6498515 e-flex e-con-boxed e-con e-parent\" data-id=\"6498515\" data-element_type=\"container\" data-e-type=\"container\">\n\t\t\t\t\t<div class=\"e-con-inner\">\n\t\t\t\t<div class=\"elementor-element elementor-element-65d6e57 elementor-widget elementor-widget-shortcode\" data-id=\"65d6e57\" data-element_type=\"widget\" data-e-type=\"widget\" data-widget_type=\"shortcode.default\">\n\t\t\t\t<div class=\"elementor-widget-container\">\n\t\t\t\t\t\t\t<div class=\"elementor-shortcode\">\n<div class=\"wpcf7 no-js\" id=\"wpcf7-f67149-o1\" lang=\"en-US\" dir=\"ltr\" data-wpcf7-id=\"67149\">\n<div class=\"screen-reader-response\"><p role=\"status\" aria-live=\"polite\" aria-atomic=\"true\"><\/p> <ul><\/ul><\/div>\n<form action=\"\/site\/wp-json\/wp\/v2\/pages\/662#wpcf7-f67149-o1\" method=\"post\" class=\"wpcf7-form init\" aria-label=\"Contact form\" enctype=\"multipart\/form-data\" novalidate=\"novalidate\" data-status=\"init\">\n<fieldset class=\"hidden-fields-container\"><input type=\"hidden\" name=\"_wpcf7\" value=\"67149\" \/><input type=\"hidden\" name=\"_wpcf7_version\" value=\"6.1.5\" \/><input type=\"hidden\" name=\"_wpcf7_locale\" value=\"en_US\" \/><input type=\"hidden\" name=\"_wpcf7_unit_tag\" value=\"wpcf7-f67149-o1\" \/><input type=\"hidden\" name=\"_wpcf7_container_post\" value=\"0\" \/><input type=\"hidden\" name=\"_wpcf7_posted_data_hash\" value=\"\" \/>\n<\/fieldset>\n<div class=\"default-form\">\n\t<div class=\"row clearfix\">\n\t\t<div class=\"col-lg-6 col-md-6 col-sm-12 form-group\">\n\t\t\t<p><span class=\"wpcf7-form-control-wrap\" data-name=\"your-name\"><input size=\"40\" maxlength=\"400\" class=\"wpcf7-form-control wpcf7-text wpcf7-validates-as-required\" aria-required=\"true\" aria-invalid=\"false\" placeholder=\"Votre Nom\" value=\"\" type=\"text\" name=\"your-name\" \/><\/span>\n\t\t\t<\/p>\n\t\t<\/div>\n\t\t<div class=\"col-lg-6 col-md-6 col-sm-12 form-group\">\n\t\t\t<p><span class=\"wpcf7-form-control-wrap\" data-name=\"prenom\"><input size=\"40\" maxlength=\"400\" class=\"wpcf7-form-control wpcf7-text wpcf7-validates-as-required\" aria-required=\"true\" aria-invalid=\"false\" placeholder=\"Pr\u00e9nom\" value=\"\" type=\"text\" name=\"prenom\" \/><\/span>\n\t\t\t<\/p>\n\t\t<\/div>\n\t\t<div class=\"col-lg-6 col-md-6 col-sm-12 form-group\">\n\t\t\t<p><span class=\"wpcf7-form-control-wrap\" data-name=\"your-email\"><input size=\"40\" maxlength=\"400\" class=\"wpcf7-form-control wpcf7-email wpcf7-validates-as-required wpcf7-text wpcf7-validates-as-email\" aria-required=\"true\" aria-invalid=\"false\" placeholder=\"Votre Email\" value=\"\" type=\"email\" name=\"your-email\" \/><\/span>\n\t\t\t<\/p>\n\t\t<\/div>\n\t\t<div class=\"col-lg-6 col-md-6 col-sm-12 form-group\">\n\t\t\t<p><span class=\"wpcf7-form-control-wrap\" data-name=\"your-phone\"><input size=\"40\" maxlength=\"400\" class=\"wpcf7-form-control wpcf7-text wpcf7-validates-as-required\" aria-required=\"true\" aria-invalid=\"false\" placeholder=\"T\u00e9l\u00e9phone\" value=\"\" type=\"text\" name=\"your-phone\" \/><\/span>\n\t\t\t<\/p>\n\t\t<\/div>\n\t\t<div class=\"col-lg-12 col-md-12 col-sm-12 form-group\">\n\t\t\t<p><span class=\"wpcf7-form-control-wrap\" data-name=\"your-message\"><textarea cols=\"40\" rows=\"10\" maxlength=\"2000\" class=\"wpcf7-form-control wpcf7-textarea\" aria-invalid=\"false\" placeholder=\"Votre Message\" name=\"your-message\"><\/textarea><\/span>\n\t\t\t<\/p>\n\t\t<\/div>\n\t\t<p><label style=\"color:white; font-size: 16px; padding-top: 15px; padding-left: 30px;\"> votre CV (en format PDF| 3MB max)<\/label>\n\t\t<\/p>\n\t\t<div class=\"col-lg-6 col-md-6 col-sm-12 form-group\" style=\"color:white;\">\n\t\t\t<p><span class=\"wpcf7-form-control-wrap\" data-name=\"joindre\"><input size=\"40\" class=\"wpcf7-form-control wpcf7-file\" accept=\".pdf,.docx\" aria-invalid=\"false\" type=\"file\" name=\"joindre\" \/><\/span>\n\t\t\t<\/p>\n\t\t<\/div>\n\t\t<p><div id=\"cf7sr-69ea20761b0a8\" class=\"cf7sr-g-recaptcha\" data-sitekey=\"6LfF0nUpAAAAABF8IgFCGK24nsvoMNUEdbwnwtiY\"><\/div><span class=\"wpcf7-form-control-wrap cf7sr-recaptcha\" data-name=\"cf7sr-recaptcha\"><input type=\"hidden\" name=\"cf7sr-recaptcha\" value=\"\" class=\"wpcf7-form-control\"><\/span>\n\t\t<\/p>\n\t\t<div class=\"col-lg-12 col-md-12 col-sm-12 form-group message-btn\">\n\t\t\t<p><button class=\"theme-btn style-one wpcf7-form-control wpcf7-submit\" type=\"submit\" name=\"submit-form\">Envoyer<\/button>\n\t\t\t<\/p>\n\t\t<\/div>\n\t<\/div>\n<\/div><p style=\"display: none !important;\" class=\"akismet-fields-container\" data-prefix=\"_wpcf7_ak_\"><label>&#916;<textarea name=\"_wpcf7_ak_hp_textarea\" cols=\"45\" rows=\"8\" maxlength=\"100\"><\/textarea><\/label><input type=\"hidden\" id=\"ak_js_1\" name=\"_wpcf7_ak_js\" value=\"152\"\/><script>document.getElementById( \"ak_js_1\" ).setAttribute( \"value\", ( new Date() ).getTime() );<\/script><\/p><div class=\"wpcf7-response-output\" aria-hidden=\"true\"><\/div>\n<\/form>\n<\/div>\n<\/div>\n\t\t\t\t\t\t<\/div>\n\t\t\t\t<\/div>\n\t\t\t\t\t<\/div>\n\t\t\t\t<\/div>\n\t\t\t\t<\/div>\n\t\t","protected":false},"excerpt":{"rendered":"<p>Offre d&#8217;emploi MARLIER MAROC recrute ! D\u00e9posez votre candidature en ligne.Vous souhaitez rejoindre MARLIER MAROC , consultez nos offres d\u2019emploi <span>&#8230;<\/span><\/p>\n","protected":false},"author":1,"featured_media":68676,"parent":0,"menu_order":0,"comment_status":"closed","ping_status":"closed","template":"elementor_header_footer","meta":{"footnotes":""},"class_list":["post-662","page","type-page","status-publish","has-post-thumbnail","hentry"],"_links":{"self":[{"href":"https:\/\/marliermaroc.com\/site\/wp-json\/wp\/v2\/pages\/662","targetHints":{"allow":["GET"]}}],"collection":[{"href":"https:\/\/marliermaroc.com\/site\/wp-json\/wp\/v2\/pages"}],"about":[{"href":"https:\/\/marliermaroc.com\/site\/wp-json\/wp\/v2\/types\/page"}],"author":[{"embeddable":true,"href":"https:\/\/marliermaroc.com\/site\/wp-json\/wp\/v2\/users\/1"}],"replies":[{"embeddable":true,"href":"https:\/\/marliermaroc.com\/site\/wp-json\/wp\/v2\/comments?post=662"}],"version-history":[{"count":20,"href":"https:\/\/marliermaroc.com\/site\/wp-json\/wp\/v2\/pages\/662\/revisions"}],"predecessor-version":[{"id":69092,"href":"https:\/\/marliermaroc.com\/site\/wp-json\/wp\/v2\/pages\/662\/revisions\/69092"}],"wp:featuredmedia":[{"embeddable":true,"href":"https:\/\/marliermaroc.com\/site\/wp-json\/wp\/v2\/media\/68676"}],"wp:attachment":[{"href":"https:\/\/marliermaroc.com\/site\/wp-json\/wp\/v2\/media?parent=662"}],"curies":[{"name":"wp","href":"https:\/\/api.w.org\/{rel}","templated":true}]}}