{"id":64617,"date":"2024-01-21T00:24:04","date_gmt":"2024-01-21T00:24:04","guid":{"rendered":"https:\/\/marliermaroc.com\/site\/?page_id=64617"},"modified":"2024-02-12T22:03:52","modified_gmt":"2024-02-12T22:03:52","slug":"devis-gratuit-2","status":"publish","type":"page","link":"https:\/\/marliermaroc.com\/site\/devis-gratuit-2\/","title":{"rendered":"Devis-gratuit"},"content":{"rendered":"\t\t<div data-elementor-type=\"wp-page\" data-elementor-id=\"64617\" class=\"elementor elementor-64617\">\n\t\t\t\t<div class=\"elementor-element elementor-element-697e0c2 e-con-full e-flex e-con e-parent\" data-id=\"697e0c2\" data-element_type=\"container\" data-e-type=\"container\">\n\t\t\t\t<\/div>\n\t\t<div class=\"elementor-element elementor-element-c7785e9 e-flex e-con-boxed e-con e-parent\" data-id=\"c7785e9\" data-element_type=\"container\" data-e-type=\"container\">\n\t\t\t\t\t<div class=\"e-con-inner\">\n\t\t\t\t<div class=\"elementor-element elementor-element-ac44f74 elementor-widget elementor-widget-heading\" data-id=\"ac44f74\" data-element_type=\"widget\" data-e-type=\"widget\" data-widget_type=\"heading.default\">\n\t\t\t\t<div class=\"elementor-widget-container\">\n\t\t\t\t\t<h2 class=\"elementor-heading-title elementor-size-default\">Devis gratuit<\/h2>\t\t\t\t<\/div>\n\t\t\t\t<\/div>\n\t\t\t\t<div class=\"elementor-element elementor-element-edba4f0 elementor-widget-divider--view-line elementor-widget elementor-widget-divider\" data-id=\"edba4f0\" data-element_type=\"widget\" data-e-type=\"widget\" data-widget_type=\"divider.default\">\n\t\t\t\t<div class=\"elementor-widget-container\">\n\t\t\t\t\t\t\t<div class=\"elementor-divider\">\n\t\t\t<span class=\"elementor-divider-separator\">\n\t\t\t\t\t\t<\/span>\n\t\t<\/div>\n\t\t\t\t\t\t<\/div>\n\t\t\t\t<\/div>\n\t\t\t\t<div class=\"elementor-element elementor-element-cbe3714 elementor-widget elementor-widget-spacer\" data-id=\"cbe3714\" data-element_type=\"widget\" data-e-type=\"widget\" data-widget_type=\"spacer.default\">\n\t\t\t\t<div class=\"elementor-widget-container\">\n\t\t\t\t\t\t\t<div class=\"elementor-spacer\">\n\t\t\t<div class=\"elementor-spacer-inner\"><\/div>\n\t\t<\/div>\n\t\t\t\t\t\t<\/div>\n\t\t\t\t<\/div>\n\t\t\t\t\t<\/div>\n\t\t\t\t<\/div>\n\t\t<div class=\"elementor-element elementor-element-f207ce6 e-con-full e-flex e-con e-parent\" data-id=\"f207ce6\" data-element_type=\"container\" data-e-type=\"container\">\n\t\t<div class=\"elementor-element elementor-element-6fea618 e-con-full e-flex e-con e-child\" data-id=\"6fea618\" data-element_type=\"container\" data-e-type=\"container\">\n\t\t\t\t<div class=\"elementor-element elementor-element-1d9b4c2 elementor-widget elementor-widget-text-editor\" data-id=\"1d9b4c2\" data-element_type=\"widget\" data-e-type=\"widget\" data-widget_type=\"text-editor.default\">\n\t\t\t\t<div class=\"elementor-widget-container\">\n\t\t\t\t\t\t\t\t\t<h2 style=\"text-align: left;\"><strong style=\"color: #003366;\">Premi\u00e8re consultation gratuite:<\/strong><\/h2><p style=\"text-align: justify;\"><span style=\"font-size: 19px; font-family: arial, helvetica, sans-serif; color: #333333;\">Nous vous contacterons dans moins de 2 heures.<\/span><\/p><p style=\"text-align: justify;\"><span style=\"font-size: 18px; color: #333333;\">Faites votre demande de devis en ligne pour une proposition d\u00e9taill\u00e9e concernant les services de contr\u00f4le non destructif ou les formations en CND. C\u2019est facile et gratuit ! Un expert vous rappellera le plut\u00f4t possible pour vous guider dans votre demande et valider votre devis.<\/span><\/p>\t\t\t\t\t\t\t\t<\/div>\n\t\t\t\t<\/div>\n\t\t\t\t<div class=\"elementor-element elementor-element-f6e33a3 elementor-widget elementor-widget-text-editor\" data-id=\"f6e33a3\" data-element_type=\"widget\" data-e-type=\"widget\" data-widget_type=\"text-editor.default\">\n\t\t\t\t<div class=\"elementor-widget-container\">\n\t\t\t\t\t\t\t\t\t<p><span style=\"color: #ffffff; font-size: 17px;\">Plusieurs services sont mis \u00e0 votre disposition:<\/span><\/p><h4><strong><span style=\"color: #ffffff;\">\u2713<span style=\"font-size: 17px;\">Contr\u00f4le CND:<\/span><\/span><\/strong><\/h4><ul><li><span style=\"font-size: 17px;\">Contr\u00f4le par\u00a0 Ressuage (PT),<\/span><\/li><li><span style=\"font-size: 17px;\">Contr\u00f4le par Magn\u00e9toscopie (MT),<\/span><\/li><li><span style=\"font-size: 17px;\">Contr\u00f4le par Courant de Foucault (ET),<\/span><\/li><li><span style=\"font-size: 17px;\">Contr\u00f4le par Ultrasons (UT),<\/span><\/li><li><span style=\"font-size: 17px;\">Contr\u00f4le par Radiographie (RT),<\/span><\/li><li><span style=\"font-size: 17px;\">Contr\u00f4le par Mesure de duret\u00e9 (HT),<\/span><\/li><li><span style=\"font-size: 17px;\">Contr\u00f4le par Thermographie (IRT),<\/span><\/li><\/ul><h4><strong><span style=\"color: #ffffff; font-size: 17px;\">\u2713 Formation CND<\/span><\/strong><\/h4><h4><strong><span style=\"color: #ffffff; font-size: 17px;\">\u2713 Accompagnement lors de l&#8217;audit<\/span><\/strong><\/h4>\t\t\t\t\t\t\t\t<\/div>\n\t\t\t\t<\/div>\n\t\t\t\t<\/div>\n\t\t<div class=\"elementor-element elementor-element-75c3bfd e-con-full e-flex e-con e-child\" data-id=\"75c3bfd\" data-element_type=\"container\" data-e-type=\"container\">\n\t\t\t\t<div class=\"elementor-element elementor-element-f56971d elementor-widget elementor-widget-wpforms\" data-id=\"f56971d\" data-element_type=\"widget\" data-e-type=\"widget\" data-widget_type=\"wpforms.default\">\n\t\t\t\t<div class=\"elementor-widget-container\">\n\t\t\t\t\t<style id=\"wpforms-css-vars-elementor-widget-f56971d\">\n\t\t\t\t.elementor-widget-wpforms.elementor-element-f56971d {\n\t\t\t\t--wpforms-field-size-input-height: 50px;\n--wpforms-field-size-input-spacing: 20px;\n--wpforms-field-size-font-size: 18px;\n--wpforms-field-size-line-height: 21px;\n--wpforms-field-size-padding-h: 14px;\n--wpforms-field-size-checkbox-size: 18px;\n--wpforms-field-size-sublabel-spacing: 10px;\n--wpforms-field-size-icon-size: 1.25;\n--wpforms-label-size-font-size: 16px;\n--wpforms-label-size-line-height: 19px;\n--wpforms-label-size-sublabel-font-size: 14px;\n--wpforms-label-size-sublabel-line-height: 17px;\n--wpforms-button-size-font-size: 17px;\n--wpforms-button-size-height: 41px;\n--wpforms-button-size-padding-h: 15px;\n--wpforms-button-size-margin-top: 10px;\n\n\t\t\t}\n\t\t\t<\/style><div class=\"wpforms-container wpforms-container-full wpforms-render-modern\" id=\"wpforms-65871\"><form id=\"wpforms-form-65871\" class=\"wpforms-validate wpforms-form wpforms-ajax-form\" data-formid=\"65871\" method=\"post\" enctype=\"multipart\/form-data\" action=\"\/site\/wp-json\/wp\/v2\/pages\/64617\" data-token=\"76a56a6f32305b2008d94d7ee5dc0359\" data-token-time=\"1776951456\"><noscript class=\"wpforms-error-noscript\">Please enable JavaScript in your browser to complete this form.<\/noscript><div class=\"wpforms-hidden\" id=\"wpforms-error-noscript\">Please enable JavaScript in your browser to complete this form.<\/div><div class=\"wpforms-field-container\"><div id=\"wpforms-65871-field_1-container\" class=\"wpforms-field wpforms-field-text wpforms-one-half wpforms-first\" data-field-id=\"1\"><label class=\"wpforms-field-label wpforms-label-hide\" for=\"wpforms-65871-field_1\" aria-hidden=\"false\">Votre Nom <span class=\"wpforms-required-label\" aria-hidden=\"true\">*<\/span><\/label><input type=\"text\" id=\"wpforms-65871-field_1\" class=\"wpforms-field-large wpforms-field-required\" name=\"wpforms[fields][1]\" placeholder=\"Votre Nom\" aria-errormessage=\"wpforms-65871-field_1-error\" required><\/div><div id=\"wpforms-65871-field_2-container\" class=\"wpforms-field wpforms-field-text wpforms-one-half\" data-field-id=\"2\"><label class=\"wpforms-field-label wpforms-label-hide\" for=\"wpforms-65871-field_2\" aria-hidden=\"false\">Nom du soci\u00e9t\u00e9\/institution <span class=\"wpforms-required-label\" aria-hidden=\"true\">*<\/span><\/label><input type=\"text\" id=\"wpforms-65871-field_2\" class=\"wpforms-field-large wpforms-field-required\" name=\"wpforms[fields][2]\" placeholder=\"Nom du soci\u00e9t\u00e9\/institution\" aria-errormessage=\"wpforms-65871-field_2-error\" required><\/div><div id=\"wpforms-65871-field_3-container\" class=\"wpforms-field wpforms-field-text wpforms-one-half wpforms-first\" data-field-id=\"3\"><label class=\"wpforms-field-label wpforms-label-hide\" for=\"wpforms-65871-field_3\" aria-hidden=\"false\">T\u00e9l\u00e9phone <span class=\"wpforms-required-label\" aria-hidden=\"true\">*<\/span><\/label><input type=\"text\" id=\"wpforms-65871-field_3\" class=\"wpforms-field-large wpforms-field-required\" name=\"wpforms[fields][3]\" placeholder=\"T\u00e9l\u00e9phone\" aria-errormessage=\"wpforms-65871-field_3-error\" required><\/div><div id=\"wpforms-65871-field_4-container\" class=\"wpforms-field wpforms-field-text wpforms-one-half\" data-field-id=\"4\"><label class=\"wpforms-field-label wpforms-label-hide\" for=\"wpforms-65871-field_4\" aria-hidden=\"false\">E-mail<\/label><input type=\"text\" id=\"wpforms-65871-field_4\" class=\"wpforms-field-large\" name=\"wpforms[fields][4]\" placeholder=\"E-mail\" aria-errormessage=\"wpforms-65871-field_4-error\" ><\/div><div id=\"wpforms-65871-field_5-container\" class=\"wpforms-field wpforms-field-text wpforms-one-half wpforms-first\" data-field-id=\"5\"><label class=\"wpforms-field-label wpforms-label-hide\" for=\"wpforms-65871-field_5\" aria-hidden=\"false\">Votre Fonction<\/label><input type=\"text\" id=\"wpforms-65871-field_5\" class=\"wpforms-field-large\" name=\"wpforms[fields][5]\" placeholder=\"Votre Fonction\" aria-errormessage=\"wpforms-65871-field_5-error\" ><\/div><div id=\"wpforms-65871-field_7-container\" class=\"wpforms-field wpforms-field-text wpforms-one-half\" data-field-id=\"7\"><label class=\"wpforms-field-label wpforms-label-hide\" for=\"wpforms-65871-field_7\" aria-hidden=\"false\">Ville , Pays<\/label><input type=\"text\" id=\"wpforms-65871-field_7\" class=\"wpforms-field-large\" name=\"wpforms[fields][7]\" placeholder=\"Ville, Pays\" aria-errormessage=\"wpforms-65871-field_7-error\" ><\/div><div id=\"wpforms-65871-field_6-container\" class=\"wpforms-field wpforms-field-checkbox wpforms-list-2-columns\" data-field-id=\"6\"><fieldset><legend class=\"wpforms-field-label\">Choisissez votre Service <span class=\"wpforms-required-label\" aria-hidden=\"true\">*<\/span><\/legend><ul id=\"wpforms-65871-field_6\" class=\"wpforms-field-required\"><li class=\"choice-1 depth-1\"><input type=\"checkbox\" id=\"wpforms-65871-field_6_1\" name=\"wpforms[fields][6][]\" value=\"Contr\u00f4le par  Ressuage (PT)\" aria-errormessage=\"wpforms-65871-field_6_1-error\" required ><label class=\"wpforms-field-label-inline\" for=\"wpforms-65871-field_6_1\">Contr\u00f4le par  Ressuage (PT)<\/label><\/li><li class=\"choice-2 depth-1\"><input type=\"checkbox\" id=\"wpforms-65871-field_6_2\" name=\"wpforms[fields][6][]\" value=\"Contr\u00f4le par Magn\u00e9toscopie (MT)\" aria-errormessage=\"wpforms-65871-field_6_2-error\" required ><label class=\"wpforms-field-label-inline\" for=\"wpforms-65871-field_6_2\">Contr\u00f4le par Magn\u00e9toscopie (MT)<\/label><\/li><li class=\"choice-3 depth-1\"><input type=\"checkbox\" id=\"wpforms-65871-field_6_3\" name=\"wpforms[fields][6][]\" value=\"Contr\u00f4le par Courant de Foucault (ET)\" aria-errormessage=\"wpforms-65871-field_6_3-error\" required ><label class=\"wpforms-field-label-inline\" for=\"wpforms-65871-field_6_3\">Contr\u00f4le par Courant de Foucault (ET)<\/label><\/li><li class=\"choice-4 depth-1\"><input type=\"checkbox\" id=\"wpforms-65871-field_6_4\" name=\"wpforms[fields][6][]\" value=\"Contr\u00f4le par Ultrasons (UT)\" aria-errormessage=\"wpforms-65871-field_6_4-error\" required ><label class=\"wpforms-field-label-inline\" for=\"wpforms-65871-field_6_4\">Contr\u00f4le par Ultrasons (UT)<\/label><\/li><li class=\"choice-5 depth-1\"><input type=\"checkbox\" id=\"wpforms-65871-field_6_5\" name=\"wpforms[fields][6][]\" value=\"Contr\u00f4le par Radiographie (RT)\" aria-errormessage=\"wpforms-65871-field_6_5-error\" required ><label class=\"wpforms-field-label-inline\" for=\"wpforms-65871-field_6_5\">Contr\u00f4le par Radiographie (RT)<\/label><\/li><li class=\"choice-6 depth-1\"><input type=\"checkbox\" id=\"wpforms-65871-field_6_6\" name=\"wpforms[fields][6][]\" value=\"Contr\u00f4le par Mesure de duret\u00e9 (HT)\" aria-errormessage=\"wpforms-65871-field_6_6-error\" required ><label class=\"wpforms-field-label-inline\" for=\"wpforms-65871-field_6_6\">Contr\u00f4le par Mesure de duret\u00e9 (HT)<\/label><\/li><li class=\"choice-7 depth-1\"><input type=\"checkbox\" id=\"wpforms-65871-field_6_7\" name=\"wpforms[fields][6][]\" value=\"Contr\u00f4le par Thermographie (IRT)\" aria-errormessage=\"wpforms-65871-field_6_7-error\" required ><label class=\"wpforms-field-label-inline\" for=\"wpforms-65871-field_6_7\">Contr\u00f4le par Thermographie (IRT)<\/label><\/li><li class=\"choice-8 depth-1\"><input type=\"checkbox\" id=\"wpforms-65871-field_6_8\" name=\"wpforms[fields][6][]\" value=\"Formation en CND\" aria-errormessage=\"wpforms-65871-field_6_8-error\" required ><label class=\"wpforms-field-label-inline\" for=\"wpforms-65871-field_6_8\">Formation en CND<\/label><\/li><li class=\"choice-9 depth-1\"><input type=\"checkbox\" id=\"wpforms-65871-field_6_9\" name=\"wpforms[fields][6][]\" value=\"Accompagnement lors de l&#039;audit\" aria-errormessage=\"wpforms-65871-field_6_9-error\" required ><label class=\"wpforms-field-label-inline\" for=\"wpforms-65871-field_6_9\">Accompagnement lors de l'audit<\/label><\/li><li class=\"choice-10 depth-1\"><input type=\"checkbox\" id=\"wpforms-65871-field_6_10\" name=\"wpforms[fields][6][]\" value=\"Autre...\" aria-errormessage=\"wpforms-65871-field_6_10-error\" required ><label class=\"wpforms-field-label-inline\" for=\"wpforms-65871-field_6_10\">Autre...<\/label><\/li><\/ul><\/fieldset><\/div><div id=\"wpforms-65871-field_8-container\" class=\"wpforms-field wpforms-field-textarea\" data-field-id=\"8\"><label class=\"wpforms-field-label wpforms-label-hide\" for=\"wpforms-65871-field_8\" aria-hidden=\"false\">Votre Message<\/label><textarea id=\"wpforms-65871-field_8\" class=\"wpforms-field-medium wpforms-limit-characters-enabled\" data-form-id=\"65871\" data-field-id=\"8\" data-text-limit=\"500\" name=\"wpforms[fields][8]\" placeholder=\"Votre Message\" aria-errormessage=\"wpforms-65871-field_8-error\" maxlength=\"500\" ><\/textarea><\/div><\/div><!-- .wpforms-field-container --><div class=\"wpforms-recaptcha-container wpforms-is-recaptcha wpforms-is-recaptcha-type-v2\" ><div class=\"g-recaptcha\" data-sitekey=\"6Ld8znUpAAAAABVYT8bkzXCaVG_mVV-UpDiZvh2D\"><\/div><input type=\"text\" name=\"g-recaptcha-hidden\" class=\"wpforms-recaptcha-hidden\" style=\"position:absolute!important;clip:rect(0,0,0,0)!important;height:1px!important;width:1px!important;border:0!important;overflow:hidden!important;padding:0!important;margin:0!important;\" data-rule-recaptcha=\"1\"><\/div><div class=\"wpforms-submit-container\" ><input type=\"hidden\" name=\"wpforms[id]\" value=\"65871\"><input type=\"hidden\" name=\"page_title\" value=\"\"><input type=\"hidden\" name=\"page_url\" value=\"https:\/\/marliermaroc.com\/site\/wp-json\/wp\/v2\/pages\/64617\"><input type=\"hidden\" name=\"url_referer\" value=\"\"><button type=\"submit\" name=\"wpforms[submit]\" id=\"wpforms-submit-65871\" class=\"wpforms-submit\" data-alt-text=\"En cours ...\" data-submit-text=\"Envoyer\" aria-live=\"assertive\" value=\"wpforms-submit\">Envoyer<\/button><img decoding=\"async\" src=\"https:\/\/marliermaroc.com\/site\/wp-content\/plugins\/wpforms-lite\/assets\/images\/submit-spin.svg\" class=\"wpforms-submit-spinner\" style=\"display: none;\" width=\"26\" height=\"26\" alt=\"Loading\"><\/div><\/form><\/div>  <!-- .wpforms-container -->\t\t\t\t<\/div>\n\t\t\t\t<\/div>\n\t\t\t\t<\/div>\n\t\t\t\t<\/div>\n\t\t\t\t<\/div>\n\t\t","protected":false},"excerpt":{"rendered":"<p>Devis gratuit Premi\u00e8re consultation gratuite: Nous vous contacterons dans moins de 2 heures. Faites votre demande de devis en ligne <span>&#8230;<\/span><\/p>\n","protected":false},"author":2,"featured_media":69100,"parent":0,"menu_order":0,"comment_status":"closed","ping_status":"closed","template":"","meta":{"footnotes":""},"class_list":["post-64617","page","type-page","status-publish","has-post-thumbnail","hentry"],"_links":{"self":[{"href":"https:\/\/marliermaroc.com\/site\/wp-json\/wp\/v2\/pages\/64617","targetHints":{"allow":["GET"]}}],"collection":[{"href":"https:\/\/marliermaroc.com\/site\/wp-json\/wp\/v2\/pages"}],"about":[{"href":"https:\/\/marliermaroc.com\/site\/wp-json\/wp\/v2\/types\/page"}],"author":[{"embeddable":true,"href":"https:\/\/marliermaroc.com\/site\/wp-json\/wp\/v2\/users\/2"}],"replies":[{"embeddable":true,"href":"https:\/\/marliermaroc.com\/site\/wp-json\/wp\/v2\/comments?post=64617"}],"version-history":[{"count":20,"href":"https:\/\/marliermaroc.com\/site\/wp-json\/wp\/v2\/pages\/64617\/revisions"}],"predecessor-version":[{"id":69101,"href":"https:\/\/marliermaroc.com\/site\/wp-json\/wp\/v2\/pages\/64617\/revisions\/69101"}],"wp:featuredmedia":[{"embeddable":true,"href":"https:\/\/marliermaroc.com\/site\/wp-json\/wp\/v2\/media\/69100"}],"wp:attachment":[{"href":"https:\/\/marliermaroc.com\/site\/wp-json\/wp\/v2\/media?parent=64617"}],"curies":[{"name":"wp","href":"https:\/\/api.w.org\/{rel}","templated":true}]}}